{"id":6,"date":"2021-11-01T17:03:39","date_gmt":"2021-11-01T17:03:39","guid":{"rendered":"https:\/\/angjelinamarku.eu\/al\/?page_id=6"},"modified":"2024-12-28T03:28:33","modified_gmt":"2024-12-28T03:28:33","slug":"rreth-meje","status":"publish","type":"page","link":"https:\/\/angjelinamarku.eu\/al\/?page_id=6","title":{"rendered":"Rreth meje"},"content":{"rendered":"<div class=\"wp-block-image\">\n<figure class=\"alignleft size-full is-resized\"><a href=\"https:\/\/angjelinamarku.eu\/al\/wp-content\/uploads\/2024\/12\/Bild1-e1735356301869.jpg\"><img loading=\"lazy\" decoding=\"async\" width=\"382\" height=\"516\" src=\"https:\/\/angjelinamarku.eu\/al\/wp-content\/uploads\/2024\/12\/Bild1-e1735356301869.jpg\" alt=\"\" class=\"wp-image-230\" style=\"aspect-ratio:0.7798507462686567;width:209px;height:auto\" srcset=\"https:\/\/angjelinamarku.eu\/al\/wp-content\/uploads\/2024\/12\/Bild1-e1735356301869.jpg 382w, https:\/\/angjelinamarku.eu\/al\/wp-content\/uploads\/2024\/12\/Bild1-e1735356301869-222x300.jpg 222w\" sizes=\"auto, (max-width: 382px) 100vw, 382px\" \/><\/a><figcaption class=\"wp-element-caption\">    Angjelina Marku, Vjen\u00eb<\/figcaption><\/figure>\n<\/div>\n\n\n<p class=\"has-small-font-size\"><strong>Angjelina Marku<\/strong> lindi me 16 korrik 1968 n\u00eb Gjakov\u00eb. Ka p\u00ebrfunduar shkoll\u00ebn e lart\u00eb pedagogjike \u2018\u2018Bajram Curri\u2019\u2019 n\u00eb qytetin e lindjes dhe ka qen\u00eb e angazhuar p\u00ebr disa vite si punonj\u00ebse e organizatave nd\u00ebrkomb\u00ebtare n\u00eb Kosov\u00eb dhe si m\u00ebsimdh\u00ebn\u00ebse. Shkruan proz\u00eb dhe poezi. Ka marr\u00eb pjes\u00eb n\u00eb shum\u00eb or\u00eb letrare dhe n\u00eb disa konkurse letrare n\u00eb t\u00eb cilat \u00ebsht\u00eb shp\u00ebrblyer me \u00e7mime.<\/p>\n\n\n\n<p class=\"has-small-font-size\">\u00cbsht\u00eb an\u00ebtare e klubit letrar \u2018\u2018Gjon Nikoll\u00eb Kazazi\u2019\u2019 n\u00eb Gjakov\u00eb, e \u00a0Lidhjes s\u00eb Krijuesve Shqiptar\u00eb n\u00eb M\u00ebrgat\u00eb si dhe e Lidhjes s\u00eb Shkrimtar\u00ebve dhe Krijuesve Shqiptar\u00eb n\u00eb Austri \u2018\u2018Aleksand\u00ebr Moisiu\u2019\u2019 me seli n\u00eb Vjen\u00eb, ku dhe jeton bashk\u00eb me familjen, bashk\u00ebshortin dhe dy f\u00ebmij\u00eb.<\/p>\n\n\n\n<p><\/p>\n\n\n\n<p class=\"has-small-font-size\">Ka botuar:<\/p>\n\n\n\n<ul class=\"wp-block-list\">\n<li class=\"has-small-font-size\">\u2018\u2018Dimri i Shekullit\u2019\u2019 (2018, roman, sht\u00ebpia botuese \u2018\u2018IWA Bogdani\u2019\u2019, Kosov\u00eb\/Begjik\u00eb)<a href=\"#_ftn1\" id=\"_ftnref1\">[1]<\/a><\/li>\n\n\n\n<li class=\"has-small-font-size\">\u2018\u2018Winter of the century\u2019\u2019 (2020, roman, anglisht, sht\u00ebpia botuese \u2018\u2018Lulu\u2019\u2019, SHBA)<a href=\"#_ftn2\" id=\"_ftnref2\">[2]<\/a><\/li>\n\n\n\n<li class=\"has-small-font-size\">\u2018\u2018Koh\u00eb p\u00ebr veten\u2019\u2019 (2020, p\u00ebrmbledhje me poezi, \u2018\u2018IWA Bogdani\u2019\u2019, Kosov\u00eb\/Begjik\u00eb)<a href=\"#_ftn3\" id=\"_ftnref3\">[3]<\/a><\/li>\n\n\n\n<li class=\"has-small-font-size\">\u2018\u2018Tempo para mi alma\u2019\u2019 (2020, p\u00ebrmbledhje me poezi n\u00eb spanjollisht, sht\u00ebpia botuese \u2018\u2018Lulu\u2019\u2019, SHBA)<a href=\"#_ftn4\" id=\"_ftnref4\">[4]<\/a>\u00a0\u00a0<\/li>\n\n\n\n<li class=\"has-small-font-size\">\u2018\u2018Time for myself\u2019\u2019 (2020, p\u00ebrmbledhje me poezi, sht\u00ebpia botuese \u2018\u2018Lulu\u2019\u2019, SHBA)<a href=\"#_ftn5\" id=\"_ftnref5\">[5]<\/a><\/li>\n\n\n\n<li class=\"has-small-font-size\">\u2018\u2018Shtyje h\u00ebn\u00ebn\u2019\u2019 (2021, roman, sht\u00ebpia botuese \u2018\u2018IWA Bogdani\u2019\u2019, Kosov\u00eb\/Begjik\u00eb)<a href=\"#_ftn6\" id=\"_ftnref6\">[6]<\/a><\/li>\n\n\n\n<li class=\"has-small-font-size\">\u2018\u2018Albani nuk flet shqip\u2019\u2019 (2024, tregim p\u00ebr f\u00ebmij\u00eb, sht\u00ebpia botuese \u2018\u2018URA\u2019\u2019, Kosov\u00eb)<a href=\"#_ftn7\" id=\"_ftnref7\">[7]<\/a><\/li>\n<\/ul>\n\n\n\n<p class=\"has-small-font-size\">Nd\u00ebr \u00e7mimet letrare ve\u00e7ohen:<\/p>\n\n\n\n<ul class=\"wp-block-list\">\n<li class=\"has-small-font-size\">\u00c7mimi vjetor i proz\u00ebs nga Akademia e Artit, Shkenc\u00ebs dhe Letrave \u2018\u2018Mirdita\u2019\u2019 (2021)<\/li>\n\n\n\n<li class=\"has-small-font-size\">\u00c7mimi i dyt\u00eb n\u00eb proz\u00eb n\u00eb konkursin letrar t\u00eb Lidhjes s\u00eb Shkrimtar\u00ebve dhe Krijuesve Shqiptar\u00eb n\u00eb Austri \u2018\u2018Aleksand\u00ebr Moisiu\u2019\u2019 (2021)<\/li>\n\n\n\n<li class=\"has-small-font-size\">\u00c7mimi i tret\u00eb n\u00eb poezi n\u00eb festivalin letrar n\u00eb Prizren (2020)<\/li>\n\n\n\n<li class=\"has-small-font-size\">\u00c7mimi p\u00ebr librin m\u00eb t\u00eb mir\u00eb t\u00eb vitit botuar n\u00eb diaspore nga Lidhja e Shkrimtar\u00ebve, Artis\u00ebve dhe Krijuesve Shqiptar\u00eb n\u00eb Gjermani (2019)<\/li>\n\n\n\n<li class=\"has-small-font-size\">\u00c7mimi i par\u00eb n\u00eb poezi nga Lidhja e Krijuesve Shqiptar\u00eb n\u00eb M\u00ebrgat\u00eb (2019)<\/li>\n\n\n\n<li class=\"has-small-font-size\">\u00c7mimi i dyt\u00eb n\u00eb poezi n\u00eb festivalin letrar \u2018\u2018Promenad\u00eb M\u00ebrgimtare\u2019\u2019 (2019)<\/li>\n\n\n\n<li class=\"has-small-font-size\">\u00c7mimi i tret\u00eb n\u00eb proz\u00eb n\u00eb konkursin letrar t\u00eb Lidhjes s\u00eb Shkrimtar\u00ebve dhe Krijuesve Shqiptar\u00eb n\u00eb Austri \u2018\u2018Aleksand\u00ebr Moisiu\u2019\u2019 (2017)<\/li>\n\n\n\n<li class=\"has-small-font-size\">\u00c7mimi i dyt\u00eb n\u00eb proz\u00eb n\u00eb konkursin letrar t\u00eb Shoqat\u00ebs s\u00eb Shkrimtar\u00ebve Shqiptar\u00eb n\u00eb Zvic\u00ebr (2017), etj.<\/li>\n<\/ul>\n\n\n\n<p class=\"has-small-font-size\">P\u00ebr m\u00eb shum\u00eb informata: <a href=\"http:\/\/www.angjelinamarku.eu\">www.angjelinamarku.eu<\/a><\/p>\n\n\n\n<hr class=\"wp-block-separator has-alpha-channel-opacity\"\/>\n\n\n\n<p class=\"has-small-font-size\"><a href=\"#_ftnref1\" id=\"_ftn1\">[1]<\/a> <a href=\"http:\/\/www.iwabogdani.org\/2018\/07\/17\/angjelina-marku-dimri-i-shekullit-roman-nga-prend-buzhala\/\">http:\/\/www.iwabogdani.org\/2018\/07\/17\/angjelina-marku-dimri-i-shekullit-roman-nga-prend-buzhala\/<\/a><br><a href=\"#_ftnref2\" id=\"_ftn2\">[2]<\/a> <a href=\"https:\/\/www.lulu.com\/en\/us\/shop\/angjelina-marku\/winter-of-the-century\/hardcover\/product-2ryd5d.html?page=1&amp;pageSize=4\" target=\"_blank\" rel=\"noreferrer noopener\">https:\/\/www.lulu.com\/en\/us\/shop\/angjelina-marku\/winter-of-the-century\/hardcover\/product-2ryd5d.html?page=1&amp;pageSize=4<\/a><br><a href=\"#_ftnref3\" id=\"_ftn3\">[3]<\/a> <a href=\"http:\/\/www.iwabogdani.org\/2020\/07\/18\/angjelina-marku-kohe-per-veten-botohet-ne-prishtine\/\" target=\"_blank\" rel=\"noreferrer noopener\">http:\/\/www.iwabogdani.org\/2020\/07\/18\/angjelina-marku-kohe-per-veten-botohet-ne-prishtine\/<\/a><br><a href=\"#_ftnref4\" id=\"_ftn4\">[4]<\/a> <a href=\"https:\/\/www.lulu.com\/en\/us\/shop\/angjelina-marku\/tiempo-para-m%C3%AD-alma\/paperback\/product-zwj8g5.html?page=1&amp;pageSize=4\" target=\"_blank\" rel=\"noreferrer noopener\">https:\/\/www.lulu.com\/en\/us\/shop\/angjelina-marku\/tiempo-para-m%C3%AD-alma\/paperback\/product-zwj8g5.html?page=1&amp;pageSize=4<\/a><br><a href=\"#_ftnref5\" id=\"_ftn5\">[5]<\/a> <a href=\"https:\/\/www.lulu.com\/en\/us\/shop\/angjelina-marku\/time-for-myself\/paperback\/product-rjzepw.html?page=1&amp;pageSize=4\" target=\"_blank\" rel=\"noreferrer noopener\">https:\/\/www.lulu.com\/en\/us\/shop\/angjelina-marku\/time-for-myself\/paperback\/product-rjzepw.html?page=1&amp;pageSize=4<\/a><br><a href=\"#_ftnref6\" id=\"_ftn6\">[6]<\/a> <a href=\"https:\/\/www.iwabogdani.org\/2021\/01\/30\/botohet-romani-i-dyte-i-angjelina-markut-shtyje-henen\/\">https:\/\/www.iwabogdani.org\/2021\/01\/30\/botohet-romani-i-dyte-i-angjelina-markut-shtyje-henen\/<\/a><br><a href=\"#_ftnref7\" id=\"_ftn7\">[7]<\/a> <a href=\"https:\/\/www.youtube.com\/watch?v=LtQalVNk4no\">https:\/\/www.youtube.com\/watch?v=LtQalVNk4no<\/a><\/p>\n\n\n\n<hr class=\"wp-block-separator has-css-opacity\"\/>\n","protected":false},"excerpt":{"rendered":"<p>Angjelina Marku lindi me 16 korrik 1968 n\u00eb Gjakov\u00eb. Ka p\u00ebrfunduar shkoll\u00ebn e lart\u00eb pedagogjike \u2018\u2018Bajram Curri\u2019\u2019 n\u00eb qytetin e lindjes dhe ka qen\u00eb e [&#8230;]<\/p>\n","protected":false},"author":1,"featured_media":0,"parent":0,"menu_order":0,"comment_status":"closed","ping_status":"closed","template":"templates\/template-sidebar-right.php","meta":{"footnotes":""},"class_list":["post-6","page","type-page","status-publish","hentry"],"_links":{"self":[{"href":"https:\/\/angjelinamarku.eu\/al\/index.php?rest_route=\/wp\/v2\/pages\/6","targetHints":{"allow":["GET"]}}],"collection":[{"href":"https:\/\/angjelinamarku.eu\/al\/index.php?rest_route=\/wp\/v2\/pages"}],"about":[{"href":"https:\/\/angjelinamarku.eu\/al\/index.php?rest_route=\/wp\/v2\/types\/page"}],"author":[{"embeddable":true,"href":"https:\/\/angjelinamarku.eu\/al\/index.php?rest_route=\/wp\/v2\/users\/1"}],"replies":[{"embeddable":true,"href":"https:\/\/angjelinamarku.eu\/al\/index.php?rest_route=%2Fwp%2Fv2%2Fcomments&post=6"}],"version-history":[{"count":11,"href":"https:\/\/angjelinamarku.eu\/al\/index.php?rest_route=\/wp\/v2\/pages\/6\/revisions"}],"predecessor-version":[{"id":234,"href":"https:\/\/angjelinamarku.eu\/al\/index.php?rest_route=\/wp\/v2\/pages\/6\/revisions\/234"}],"wp:attachment":[{"href":"https:\/\/angjelinamarku.eu\/al\/index.php?rest_route=%2Fwp%2Fv2%2Fmedia&parent=6"}],"curies":[{"name":"wp","href":"https:\/\/api.w.org\/{rel}","templated":true}]}}